{"id":2019,"date":"2025-04-23T20:44:11","date_gmt":"2025-04-23T20:44:11","guid":{"rendered":"https:\/\/papermaq.com.br\/?page_id=2019"},"modified":"2025-04-25T17:43:46","modified_gmt":"2025-04-25T17:43:46","slug":"rebobinadeira-papel-sublimatico","status":"publish","type":"page","link":"https:\/\/papermaq.com.br\/es\/rebobinador-de-papel-de-sublimacion\/","title":{"rendered":"REBOBINADOR DE PAPEL DE SUBLIMACI\u00d3N"},"content":{"rendered":"<div data-elementor-type=\"wp-page\" data-elementor-id=\"2019\" class=\"elementor elementor-2019\" data-elementor-post-type=\"page\">\n\t\t\t\t<div class=\"elementor-element elementor-element-66ef3f3 e-flex e-con-boxed e-con e-parent\" data-id=\"66ef3f3\" data-element_type=\"container\" data-settings=\"{&quot;background_background&quot;:&quot;classic&quot;}\">\n\t\t\t\t\t<div class=\"e-con-inner\">\n\t\t\t\t\t<\/div>\n\t\t\t\t<\/div>\n\t\t<div class=\"elementor-element elementor-element-a0a10aa e-flex e-con-boxed e-con e-parent\" data-id=\"a0a10aa\" data-element_type=\"container\" data-settings=\"{&quot;background_background&quot;:&quot;classic&quot;}\">\n\t\t\t\t\t<div class=\"e-con-inner\">\n\t\t<div class=\"elementor-element elementor-element-09fda47 e-con-full e-flex e-con e-child\" data-id=\"09fda47\" data-element_type=\"container\">\n\t\t\t\t<div class=\"elementor-element elementor-element-a643ea1 elementor-widget elementor-widget-heading\" data-id=\"a643ea1\" data-element_type=\"widget\" data-widget_type=\"heading.default\">\n\t\t\t\t<div class=\"elementor-widget-container\">\n\t\t\t\t\t<h2 class=\"elementor-heading-title elementor-size-default\"><b class=\"tg\">REBOBINADA<\/b> PAPEL DE SUBLIMACI\u00d3N<\/h2>\t\t\t\t<\/div>\n\t\t\t\t<\/div>\n\t\t\t\t<\/div>\n\t\t<div class=\"elementor-element elementor-element-522cd10 e-con-full e-flex e-con e-child\" data-id=\"522cd10\" data-element_type=\"container\">\n\t\t<div class=\"elementor-element elementor-element-db27e1c e-con-full e-flex e-con e-child\" data-id=\"db27e1c\" data-element_type=\"container\">\n\t\t\t\t<div class=\"elementor-element elementor-element-77fc4ff elementor-widget elementor-widget-heading\" data-id=\"77fc4ff\" data-element_type=\"widget\" data-widget_type=\"heading.default\">\n\t\t\t\t<div class=\"elementor-widget-container\">\n\t\t\t\t\t<h2 class=\"elementor-heading-title elementor-size-default\">CARACTER\u00cdSTICAS T\u00c9CNICAS:<\/h2>\t\t\t\t<\/div>\n\t\t\t\t<\/div>\n\t\t\t\t<div class=\"elementor-element elementor-element-dd30c4e elementor-icon-list--layout-traditional elementor-list-item-link-full_width elementor-widget elementor-widget-icon-list\" data-id=\"dd30c4e\" data-element_type=\"widget\" data-widget_type=\"icon-list.default\">\n\t\t\t\t<div class=\"elementor-widget-container\">\n\t\t\t\t\t\t\t<ul class=\"elementor-icon-list-items\">\n\t\t\t\t\t\t\t<li class=\"elementor-icon-list-item\">\n\t\t\t\t\t\t\t\t\t\t\t<span class=\"elementor-icon-list-icon\">\n\t\t\t\t\t\t\t<svg aria-hidden=\"true\" class=\"e-font-icon-svg e-fas-circle\" viewbox=\"0 0 512 512\" xmlns=\"http:\/\/www.w3.org\/2000\/svg\"><path d=\"M256 8C119 8 8 119 8 256s111 248 248 248 248-111 248-248S393 8 256 8z\"><\/path><\/svg>\t\t\t\t\t\t<\/span>\n\t\t\t\t\t\t\t\t\t\t<span class=\"elementor-icon-list-text\">M\u00e1quina cortadora y divisora de rollos Jumbo para fabricar rollos m\u00e1s peque\u00f1os;<\/span>\n\t\t\t\t\t\t\t\t\t<\/li>\n\t\t\t\t\t\t\t\t<li class=\"elementor-icon-list-item\">\n\t\t\t\t\t\t\t\t\t\t\t<span class=\"elementor-icon-list-icon\">\n\t\t\t\t\t\t\t<svg aria-hidden=\"true\" class=\"e-font-icon-svg e-fas-circle\" viewbox=\"0 0 512 512\" xmlns=\"http:\/\/www.w3.org\/2000\/svg\"><path d=\"M256 8C119 8 8 119 8 256s111 248 248 248 248-111 248-248S393 8 256 8z\"><\/path><\/svg>\t\t\t\t\t\t<\/span>\n\t\t\t\t\t\t\t\t\t\t<span class=\"elementor-icon-list-text\">Abrir la bobina con un estilete;<\/span>\n\t\t\t\t\t\t\t\t\t<\/li>\n\t\t\t\t\t\t\t\t<li class=\"elementor-icon-list-item\">\n\t\t\t\t\t\t\t\t\t\t\t<span class=\"elementor-icon-list-icon\">\n\t\t\t\t\t\t\t<svg aria-hidden=\"true\" class=\"e-font-icon-svg e-fas-circle\" viewbox=\"0 0 512 512\" xmlns=\"http:\/\/www.w3.org\/2000\/svg\"><path d=\"M256 8C119 8 8 119 8 256s111 248 248 248 248-111 248-248S393 8 256 8z\"><\/path><\/svg>\t\t\t\t\t\t<\/span>\n\t\t\t\t\t\t\t\t\t\t<span class=\"elementor-icon-list-text\">F\u00e1cil de cambiar el rodillo de enrollado;<\/span>\n\t\t\t\t\t\t\t\t\t<\/li>\n\t\t\t\t\t\t\t\t<li class=\"elementor-icon-list-item\">\n\t\t\t\t\t\t\t\t\t\t\t<span class=\"elementor-icon-list-icon\">\n\t\t\t\t\t\t\t<svg aria-hidden=\"true\" class=\"e-font-icon-svg e-fas-circle\" viewbox=\"0 0 512 512\" xmlns=\"http:\/\/www.w3.org\/2000\/svg\"><path d=\"M256 8C119 8 8 119 8 256s111 248 248 248 248-111 248-248S393 8 256 8z\"><\/path><\/svg>\t\t\t\t\t\t<\/span>\n\t\t\t\t\t\t\t\t\t\t<span class=\"elementor-icon-list-text\">Contador digital;<\/span>\n\t\t\t\t\t\t\t\t\t<\/li>\n\t\t\t\t\t\t\t\t<li class=\"elementor-icon-list-item\">\n\t\t\t\t\t\t\t\t\t\t\t<span class=\"elementor-icon-list-icon\">\n\t\t\t\t\t\t\t<svg aria-hidden=\"true\" class=\"e-font-icon-svg e-fas-circle\" viewbox=\"0 0 512 512\" xmlns=\"http:\/\/www.w3.org\/2000\/svg\"><path d=\"M256 8C119 8 8 119 8 256s111 248 248 248 248-111 248-248S393 8 256 8z\"><\/path><\/svg>\t\t\t\t\t\t<\/span>\n\t\t\t\t\t\t\t\t\t\t<span class=\"elementor-icon-list-text\">Freno mec\u00e1nico;<\/span>\n\t\t\t\t\t\t\t\t\t<\/li>\n\t\t\t\t\t\t\t\t<li class=\"elementor-icon-list-item\">\n\t\t\t\t\t\t\t\t\t\t\t<span class=\"elementor-icon-list-icon\">\n\t\t\t\t\t\t\t<svg aria-hidden=\"true\" class=\"e-font-icon-svg e-fas-circle\" viewbox=\"0 0 512 512\" xmlns=\"http:\/\/www.w3.org\/2000\/svg\"><path d=\"M256 8C119 8 8 119 8 256s111 248 248 248 248-111 248-248S393 8 256 8z\"><\/path><\/svg>\t\t\t\t\t\t<\/span>\n\t\t\t\t\t\t\t\t\t\t<span class=\"elementor-icon-list-text\">Alineador electr\u00f3nico;<\/span>\n\t\t\t\t\t\t\t\t\t<\/li>\n\t\t\t\t\t\t\t\t<li class=\"elementor-icon-list-item\">\n\t\t\t\t\t\t\t\t\t\t\t<span class=\"elementor-icon-list-icon\">\n\t\t\t\t\t\t\t<svg aria-hidden=\"true\" class=\"e-font-icon-svg e-fas-circle\" viewbox=\"0 0 512 512\" xmlns=\"http:\/\/www.w3.org\/2000\/svg\"><path d=\"M256 8C119 8 8 119 8 256s111 248 248 248 248-111 248-248S393 8 256 8z\"><\/path><\/svg>\t\t\t\t\t\t<\/span>\n\t\t\t\t\t\t\t\t\t\t<span class=\"elementor-icon-list-text\">Panel de control de f\u00e1cil manejo;<\/span>\n\t\t\t\t\t\t\t\t\t<\/li>\n\t\t\t\t\t\t<\/ul>\n\t\t\t\t\t\t<\/div>\n\t\t\t\t<\/div>\n\t\t\t\t<\/div>\n\t\t<div class=\"elementor-element elementor-element-b1bc923 e-con-full e-flex e-con e-child\" data-id=\"b1bc923\" data-element_type=\"container\">\n\t\t\t\t<div class=\"elementor-element elementor-element-9282adf elementor-widget elementor-widget-video\" data-id=\"9282adf\" data-element_type=\"widget\" data-settings=\"{&quot;youtube_url&quot;:&quot;https:\\\/\\\/youtu.be\\\/K0wY56skDZM&quot;,&quot;video_type&quot;:&quot;youtube&quot;}\" data-widget_type=\"video.default\">\n\t\t\t\t<div class=\"elementor-widget-container\">\n\t\t\t\t\t\t\t<div class=\"elementor-wrapper elementor-open-inline\">\n\t\t\t<div class=\"elementor-video\"><\/div>\t\t<\/div>\n\t\t\t\t\t\t<\/div>\n\t\t\t\t<\/div>\n\t\t\t\t<\/div>\n\t\t\t\t<\/div>\n\t\t<div class=\"elementor-element elementor-element-ab3641c e-con-full e-flex e-con e-child\" data-id=\"ab3641c\" data-element_type=\"container\">\n\t\t<div class=\"elementor-element elementor-element-38c8c18 e-con-full e-flex e-con e-child\" data-id=\"38c8c18\" data-element_type=\"container\">\n\t\t\t\t<div class=\"elementor-element elementor-element-e6348ce elementor-widget elementor-widget-heading\" data-id=\"e6348ce\" data-element_type=\"widget\" data-widget_type=\"heading.default\">\n\t\t\t\t<div class=\"elementor-widget-container\">\n\t\t\t\t\t<h2 class=\"elementor-heading-title elementor-size-default\">DATOS T\u00c9CNICOS<\/h2>\t\t\t\t<\/div>\n\t\t\t\t<\/div>\n\t\t\t\t<div class=\"elementor-element elementor-element-d7aa841 elementor-icon-list--layout-traditional elementor-list-item-link-full_width elementor-widget elementor-widget-icon-list\" data-id=\"d7aa841\" data-element_type=\"widget\" data-widget_type=\"icon-list.default\">\n\t\t\t\t<div class=\"elementor-widget-container\">\n\t\t\t\t\t\t\t<ul class=\"elementor-icon-list-items\">\n\t\t\t\t\t\t\t<li class=\"elementor-icon-list-item\">\n\t\t\t\t\t\t\t\t\t\t\t<span class=\"elementor-icon-list-icon\">\n\t\t\t\t\t\t\t<svg aria-hidden=\"true\" class=\"e-font-icon-svg e-fas-circle\" viewbox=\"0 0 512 512\" xmlns=\"http:\/\/www.w3.org\/2000\/svg\"><path d=\"M256 8C119 8 8 119 8 256s111 248 248 248 248-111 248-248S393 8 256 8z\"><\/path><\/svg>\t\t\t\t\t\t<\/span>\n\t\t\t\t\t\t\t\t\t\t<span class=\"elementor-icon-list-text\">Ancho m\u00e1ximo de bobina 1200mm;<\/span>\n\t\t\t\t\t\t\t\t\t<\/li>\n\t\t\t\t\t\t\t\t<li class=\"elementor-icon-list-item\">\n\t\t\t\t\t\t\t\t\t\t\t<span class=\"elementor-icon-list-icon\">\n\t\t\t\t\t\t\t<svg aria-hidden=\"true\" class=\"e-font-icon-svg e-fas-circle\" viewbox=\"0 0 512 512\" xmlns=\"http:\/\/www.w3.org\/2000\/svg\"><path d=\"M256 8C119 8 8 119 8 256s111 248 248 248 248-111 248-248S393 8 256 8z\"><\/path><\/svg>\t\t\t\t\t\t<\/span>\n\t\t\t\t\t\t\t\t\t\t<span class=\"elementor-icon-list-text\">Di\u00e1metro m\u00e1ximo de la bobina 1200 mm;<\/span>\n\t\t\t\t\t\t\t\t\t<\/li>\n\t\t\t\t\t\t\t\t<li class=\"elementor-icon-list-item\">\n\t\t\t\t\t\t\t\t\t\t\t<span class=\"elementor-icon-list-icon\">\n\t\t\t\t\t\t\t<svg aria-hidden=\"true\" class=\"e-font-icon-svg e-fas-circle\" viewbox=\"0 0 512 512\" xmlns=\"http:\/\/www.w3.org\/2000\/svg\"><path d=\"M256 8C119 8 8 119 8 256s111 248 248 248 248-111 248-248S393 8 256 8z\"><\/path><\/svg>\t\t\t\t\t\t<\/span>\n\t\t\t\t\t\t\t\t\t\t<span class=\"elementor-icon-list-text\">Especificaciones el\u00e9ctricas 3 x 220V o 380V;<\/span>\n\t\t\t\t\t\t\t\t\t<\/li>\n\t\t\t\t\t\t\t\t<li class=\"elementor-icon-list-item\">\n\t\t\t\t\t\t\t\t\t\t\t<span class=\"elementor-icon-list-icon\">\n\t\t\t\t\t\t\t<svg aria-hidden=\"true\" class=\"e-font-icon-svg e-fas-circle\" viewbox=\"0 0 512 512\" xmlns=\"http:\/\/www.w3.org\/2000\/svg\"><path d=\"M256 8C119 8 8 119 8 256s111 248 248 248 248-111 248-248S393 8 256 8z\"><\/path><\/svg>\t\t\t\t\t\t<\/span>\n\t\t\t\t\t\t\t\t\t\t<span class=\"elementor-icon-list-text\">Control neum\u00e1tico 70 PSI 5kgf\/cm\u00b2;<\/span>\n\t\t\t\t\t\t\t\t\t<\/li>\n\t\t\t\t\t\t\t\t<li class=\"elementor-icon-list-item\">\n\t\t\t\t\t\t\t\t\t\t\t<span class=\"elementor-icon-list-icon\">\n\t\t\t\t\t\t\t<svg aria-hidden=\"true\" class=\"e-font-icon-svg e-fas-circle\" viewbox=\"0 0 512 512\" xmlns=\"http:\/\/www.w3.org\/2000\/svg\"><path d=\"M256 8C119 8 8 119 8 256s111 248 248 248 248-111 248-248S393 8 256 8z\"><\/path><\/svg>\t\t\t\t\t\t<\/span>\n\t\t\t\t\t\t\t\t\t\t<span class=\"elementor-icon-list-text\">Motor principal de 5 CV;<\/span>\n\t\t\t\t\t\t\t\t\t<\/li>\n\t\t\t\t\t\t\t\t<li class=\"elementor-icon-list-item\">\n\t\t\t\t\t\t\t\t\t\t\t<span class=\"elementor-icon-list-icon\">\n\t\t\t\t\t\t\t<svg aria-hidden=\"true\" class=\"e-font-icon-svg e-fas-circle\" viewbox=\"0 0 512 512\" xmlns=\"http:\/\/www.w3.org\/2000\/svg\"><path d=\"M256 8C119 8 8 119 8 256s111 248 248 248 248-111 248-248S393 8 256 8z\"><\/path><\/svg>\t\t\t\t\t\t<\/span>\n\t\t\t\t\t\t\t\t\t\t<span class=\"elementor-icon-list-text\">Ideal para sublimaci\u00f3n o papel Kraft;<\/span>\n\t\t\t\t\t\t\t\t\t<\/li>\n\t\t\t\t\t\t<\/ul>\n\t\t\t\t\t\t<\/div>\n\t\t\t\t<\/div>\n\t\t\t\t<\/div>\n\t\t<div class=\"elementor-element elementor-element-b81b231 e-con-full e-flex e-con e-child\" data-id=\"b81b231\" data-element_type=\"container\">\n\t\t\t\t<\/div>\n\t\t\t\t<\/div>\n\t\t\t\t\t<\/div>\n\t\t\t\t<\/div>\n\t\t\t\t<\/div>","protected":false},"excerpt":{"rendered":"<p>REBOBINADORA DE PAPEL SUBLIM\u00c1TICA CARACTER\u00cdSTICAS T\u00c9CNICAS: M\u00e1quina para cortar y dividir rollos jumbo para hacer rollos m\u00e1s peque\u00f1os; Apertura de la bobina con palpador; F\u00e1cil cambio de bobina; Contador digital; Freno mec\u00e1nico; Alineador electr\u00f3nico; Panel de control de f\u00e1cil manejo; DATOS T\u00c9CNICOS Anchura m\u00e1xima de la bobina 1200mm; Di\u00e1metro m\u00e1ximo de la bobina 1200mm; Especificaci\u00f3n el\u00e9ctrica 3 [...]<\/p>","protected":false},"author":2,"featured_media":0,"parent":0,"menu_order":0,"comment_status":"closed","ping_status":"closed","template":"elementor_header_footer","meta":{"footnotes":""},"class_list":["post-2019","page","type-page","status-publish","hentry"],"yoast_head":"<!-- This site is optimized with the Yoast SEO Premium plugin v24.0 (Yoast SEO v24.0) - https:\/\/yoast.com\/wordpress\/plugins\/seo\/ -->\n<title>REBOBINADEIRA PAPEL SUBLIM\u00c1TICO - Paper Maquinas<\/title>\n<meta name=\"robots\" content=\"index, follow, max-snippet:-1, max-image-preview:large, max-video-preview:-1\" \/>\n<link rel=\"canonical\" href=\"https:\/\/papermaq.com.br\/es\/rebobinador-de-papel-de-sublimacion\/\" \/>\n<meta property=\"og:locale\" content=\"es_ES\" \/>\n<meta property=\"og:type\" content=\"article\" \/>\n<meta property=\"og:title\" content=\"REBOBINADEIRA PAPEL SUBLIM\u00c1TICO\" \/>\n<meta property=\"og:description\" content=\"REBOBINADEIRA PAPEL SUBLIM\u00c1TICO CARACTERISTICAS T\u00c9CNICAS: Maquina para corte e divis\u00e3o de rolo jumbo para fabrica\u00e7\u00e3o de rolos menores; Abertura da bobina com estilete; F\u00e1cil troca do rolo bobinado; Contador digital; Freio mec\u00e2nico; Alinhador eletr\u00f4nico; Painel de comando de f\u00e1cil opera\u00e7\u00e3o; DADOS T\u00c9CNICOS Largura m\u00e1xima da bobina 1200mm; Di\u00e2metro m\u00e1ximo da bobina 1200mm; Especifica\u00e7\u00e3o el\u00e9trica 3 [&hellip;]\" \/>\n<meta property=\"og:url\" content=\"https:\/\/papermaq.com.br\/es\/rebobinador-de-papel-de-sublimacion\/\" \/>\n<meta property=\"og:site_name\" content=\"Paper Maquinas\" \/>\n<meta property=\"article:modified_time\" content=\"2025-04-25T17:43:46+00:00\" \/>\n<meta name=\"twitter:card\" content=\"summary_large_image\" \/>\n<meta name=\"twitter:label1\" content=\"Tiempo de lectura\" \/>\n\t<meta name=\"twitter:data1\" content=\"1 minuto\" \/>\n<script type=\"application\/ld+json\" class=\"yoast-schema-graph\">{\"@context\":\"https:\/\/schema.org\",\"@graph\":[{\"@type\":\"WebPage\",\"@id\":\"https:\/\/papermaq.com.br\/rebobinadeira-papel-sublimatico\/\",\"url\":\"https:\/\/papermaq.com.br\/rebobinadeira-papel-sublimatico\/\",\"name\":\"REBOBINADEIRA PAPEL SUBLIM\u00c1TICO - Paper Maquinas\",\"isPartOf\":{\"@id\":\"https:\/\/papermaq.com.br\/pt_br\/#website\"},\"datePublished\":\"2025-04-23T20:44:11+00:00\",\"dateModified\":\"2025-04-25T17:43:46+00:00\",\"breadcrumb\":{\"@id\":\"https:\/\/papermaq.com.br\/rebobinadeira-papel-sublimatico\/#breadcrumb\"},\"inLanguage\":\"es\",\"potentialAction\":[{\"@type\":\"ReadAction\",\"target\":[\"https:\/\/papermaq.com.br\/rebobinadeira-papel-sublimatico\/\"]}]},{\"@type\":\"BreadcrumbList\",\"@id\":\"https:\/\/papermaq.com.br\/rebobinadeira-papel-sublimatico\/#breadcrumb\",\"itemListElement\":[{\"@type\":\"ListItem\",\"position\":1,\"name\":\"Home\",\"item\":\"https:\/\/papermaq.com.br\/\"},{\"@type\":\"ListItem\",\"position\":2,\"name\":\"REBOBINADEIRA PAPEL SUBLIM\u00c1TICO\"}]},{\"@type\":\"WebSite\",\"@id\":\"https:\/\/papermaq.com.br\/pt_br\/#website\",\"url\":\"https:\/\/papermaq.com.br\/pt_br\/\",\"name\":\"Paper Maquinas\",\"description\":\"\",\"potentialAction\":[{\"@type\":\"SearchAction\",\"target\":{\"@type\":\"EntryPoint\",\"urlTemplate\":\"https:\/\/papermaq.com.br\/pt_br\/?s={search_term_string}\"},\"query-input\":{\"@type\":\"PropertyValueSpecification\",\"valueRequired\":true,\"valueName\":\"search_term_string\"}}],\"inLanguage\":\"es\"}]}<\/script>\n<!-- \/ Yoast SEO Premium plugin. -->","yoast_head_json":{"title":"REBOBINADEIRA PAPEL SUBLIM\u00c1TICO - Paper Maquinas","robots":{"index":"index","follow":"follow","max-snippet":"max-snippet:-1","max-image-preview":"max-image-preview:large","max-video-preview":"max-video-preview:-1"},"canonical":"https:\/\/papermaq.com.br\/es\/rebobinador-de-papel-de-sublimacion\/","og_locale":"es_ES","og_type":"article","og_title":"REBOBINADEIRA PAPEL SUBLIM\u00c1TICO","og_description":"REBOBINADEIRA PAPEL SUBLIM\u00c1TICO CARACTERISTICAS T\u00c9CNICAS: Maquina para corte e divis\u00e3o de rolo jumbo para fabrica\u00e7\u00e3o de rolos menores; Abertura da bobina com estilete; F\u00e1cil troca do rolo bobinado; Contador digital; Freio mec\u00e2nico; Alinhador eletr\u00f4nico; Painel de comando de f\u00e1cil opera\u00e7\u00e3o; DADOS T\u00c9CNICOS Largura m\u00e1xima da bobina 1200mm; Di\u00e2metro m\u00e1ximo da bobina 1200mm; Especifica\u00e7\u00e3o el\u00e9trica 3 [&hellip;]","og_url":"https:\/\/papermaq.com.br\/es\/rebobinador-de-papel-de-sublimacion\/","og_site_name":"Paper Maquinas","article_modified_time":"2025-04-25T17:43:46+00:00","twitter_card":"summary_large_image","twitter_misc":{"Tiempo de lectura":"1 minuto"},"schema":{"@context":"https:\/\/schema.org","@graph":[{"@type":"WebPage","@id":"https:\/\/papermaq.com.br\/rebobinadeira-papel-sublimatico\/","url":"https:\/\/papermaq.com.br\/rebobinadeira-papel-sublimatico\/","name":"REBOBINADEIRA PAPEL SUBLIM\u00c1TICO - Paper Maquinas","isPartOf":{"@id":"https:\/\/papermaq.com.br\/pt_br\/#website"},"datePublished":"2025-04-23T20:44:11+00:00","dateModified":"2025-04-25T17:43:46+00:00","breadcrumb":{"@id":"https:\/\/papermaq.com.br\/rebobinadeira-papel-sublimatico\/#breadcrumb"},"inLanguage":"es","potentialAction":[{"@type":"ReadAction","target":["https:\/\/papermaq.com.br\/rebobinadeira-papel-sublimatico\/"]}]},{"@type":"BreadcrumbList","@id":"https:\/\/papermaq.com.br\/rebobinadeira-papel-sublimatico\/#breadcrumb","itemListElement":[{"@type":"ListItem","position":1,"name":"Home","item":"https:\/\/papermaq.com.br\/"},{"@type":"ListItem","position":2,"name":"REBOBINADEIRA PAPEL SUBLIM\u00c1TICO"}]},{"@type":"WebSite","@id":"https:\/\/papermaq.com.br\/pt_br\/#website","url":"https:\/\/papermaq.com.br\/pt_br\/","name":"Paper Maquinas","description":"","potentialAction":[{"@type":"SearchAction","target":{"@type":"EntryPoint","urlTemplate":"https:\/\/papermaq.com.br\/pt_br\/?s={search_term_string}"},"query-input":{"@type":"PropertyValueSpecification","valueRequired":true,"valueName":"search_term_string"}}],"inLanguage":"es"}]}},"_links":{"self":[{"href":"https:\/\/papermaq.com.br\/es\/wp-json\/wp\/v2\/pages\/2019","targetHints":{"allow":["GET"]}}],"collection":[{"href":"https:\/\/papermaq.com.br\/es\/wp-json\/wp\/v2\/pages"}],"about":[{"href":"https:\/\/papermaq.com.br\/es\/wp-json\/wp\/v2\/types\/page"}],"author":[{"embeddable":true,"href":"https:\/\/papermaq.com.br\/es\/wp-json\/wp\/v2\/users\/2"}],"replies":[{"embeddable":true,"href":"https:\/\/papermaq.com.br\/es\/wp-json\/wp\/v2\/comments?post=2019"}],"version-history":[{"count":0,"href":"https:\/\/papermaq.com.br\/es\/wp-json\/wp\/v2\/pages\/2019\/revisions"}],"wp:attachment":[{"href":"https:\/\/papermaq.com.br\/es\/wp-json\/wp\/v2\/media?parent=2019"}],"curies":[{"name":"wp","href":"https:\/\/api.w.org\/{rel}","templated":true}]}}