{"id":1303,"date":"2025-04-10T03:39:07","date_gmt":"2025-04-10T03:39:07","guid":{"rendered":"https:\/\/papermaq.com.br\/?page_id=1303"},"modified":"2025-04-23T21:10:28","modified_gmt":"2025-04-23T21:10:28","slug":"rebobinadora-de-bobinas-pdv-cr","status":"publish","type":"page","link":"https:\/\/papermaq.com.br\/es\/rebobinador-pdv-cr\/","title":{"rendered":"REBOBINADOR PDV CR"},"content":{"rendered":"<div data-elementor-type=\"wp-page\" data-elementor-id=\"1303\" class=\"elementor elementor-1303\" data-elementor-post-type=\"page\">\n\t\t\t\t<div class=\"elementor-element elementor-element-4c4e8a7 e-flex e-con-boxed e-con e-parent\" data-id=\"4c4e8a7\" data-element_type=\"container\" data-settings=\"{&quot;background_background&quot;:&quot;classic&quot;}\">\n\t\t\t\t\t<div class=\"e-con-inner\">\n\t\t\t\t\t<\/div>\n\t\t\t\t<\/div>\n\t\t<div class=\"elementor-element elementor-element-85cf824 e-flex e-con-boxed e-con e-parent\" data-id=\"85cf824\" data-element_type=\"container\" data-settings=\"{&quot;background_background&quot;:&quot;classic&quot;}\">\n\t\t\t\t\t<div class=\"e-con-inner\">\n\t\t<div class=\"elementor-element elementor-element-6eb3472 e-con-full e-flex e-con e-child\" data-id=\"6eb3472\" data-element_type=\"container\">\n\t\t\t\t<div class=\"elementor-element elementor-element-4879ab4 elementor-widget elementor-widget-heading\" data-id=\"4879ab4\" data-element_type=\"widget\" data-widget_type=\"heading.default\">\n\t\t\t\t<div class=\"elementor-widget-container\">\n\t\t\t\t\t<h2 class=\"elementor-heading-title elementor-size-default\">REWINDER <b class=\"tg\">TPV<\/b>\n<\/h2>\t\t\t\t<\/div>\n\t\t\t\t<\/div>\n\t\t\t\t<div class=\"elementor-element elementor-element-d341a46 elementor-widget elementor-widget-heading\" data-id=\"d341a46\" data-element_type=\"widget\" data-widget_type=\"heading.default\">\n\t\t\t\t<div class=\"elementor-widget-container\">\n\t\t\t\t\t<h2 class=\"elementor-heading-title elementor-size-default\">REBOBINADOR PDV - BOBINA T\u00c9RMICA<\/h2>\t\t\t\t<\/div>\n\t\t\t\t<\/div>\n\t\t\t\t<div class=\"elementor-element elementor-element-7f892eb elementor-widget elementor-widget-heading\" data-id=\"7f892eb\" data-element_type=\"widget\" data-widget_type=\"heading.default\">\n\t\t\t\t<div class=\"elementor-widget-container\">\n\t\t\t\t\t<h2 class=\"elementor-heading-title elementor-size-default\">Modelos:<\/h2>\t\t\t\t<\/div>\n\t\t\t\t<\/div>\n\t\t\t\t<div class=\"elementor-element elementor-element-b55150b elementor-widget elementor-widget-heading\" data-id=\"b55150b\" data-element_type=\"widget\" data-widget_type=\"heading.default\">\n\t\t\t\t<div class=\"elementor-widget-container\">\n\t\t\t\t\t<h2 class=\"elementor-heading-title elementor-size-default\">\nCR - 640<br>\nCR - 800\n<\/h2>\t\t\t\t<\/div>\n\t\t\t\t<\/div>\n\t\t\t\t<\/div>\n\t\t<div class=\"elementor-element elementor-element-8830e15 e-con-full e-flex e-con e-child\" data-id=\"8830e15\" data-element_type=\"container\">\n\t\t<div class=\"elementor-element elementor-element-9134b4a e-con-full e-flex e-con e-child\" data-id=\"9134b4a\" data-element_type=\"container\">\n\t\t\t\t<div class=\"elementor-element elementor-element-d226f77 elementor-widget elementor-widget-text-editor\" data-id=\"d226f77\" data-element_type=\"widget\" data-widget_type=\"text-editor.default\">\n\t\t\t\t<div class=\"elementor-widget-container\">\n\t\t\t\t\t\t\t\t\t<p>La rebobinadora POS es un equipo con tecnolog\u00eda avanzada que permite fabricar bobinas para cupones fiscales. Las bobinas pueden fabricarse en diferentes di\u00e1metros y anchuras, lo que garantiza la versatilidad para satisfacer las distintas necesidades de producci\u00f3n. Su funcionamiento es sencillo e intuitivo, con controles f\u00e1ciles de usar que permiten ajustes r\u00e1pidos y precisos, minimizando el tiempo de preparaci\u00f3n.<br \/><br \/>La rebobinadora PDV tambi\u00e9n dispone de funciones de control de tensi\u00f3n y velocidad, que garantizan que el material se rebobine de forma uniforme y sin da\u00f1os. Adem\u00e1s, su robusta construcci\u00f3n garantiza durabilidad y fiabilidad, incluso en entornos de producci\u00f3n intensiva.<br \/><br \/>Ideal para imprentas y empresas de transformaci\u00f3n, la rebobinadora POS es la soluci\u00f3n perfecta para quienes buscan eficacia y calidad en la producci\u00f3n de bobinas de cupones fiscales.<\/p>\t\t\t\t\t\t\t\t<\/div>\n\t\t\t\t<\/div>\n\t\t\t\t<\/div>\n\t\t<div class=\"elementor-element elementor-element-29584c3 e-con-full e-flex e-con e-child\" data-id=\"29584c3\" data-element_type=\"container\">\n\t\t\t\t<div class=\"elementor-element elementor-element-cdf1cfb elementor-widget elementor-widget-video\" data-id=\"cdf1cfb\" data-element_type=\"widget\" data-settings=\"{&quot;youtube_url&quot;:&quot;https:\\\/\\\/www.youtube.com\\\/watch?v=uwIQ-T7NIho&amp;ab_channel=PebeM%C3%A1quinaseEquipamentosLtda&quot;,&quot;video_type&quot;:&quot;youtube&quot;,&quot;controls&quot;:&quot;yes&quot;}\" data-widget_type=\"video.default\">\n\t\t\t\t<div class=\"elementor-widget-container\">\n\t\t\t\t\t\t\t<div class=\"elementor-wrapper elementor-open-inline\">\n\t\t\t<div class=\"elementor-video\"><\/div>\t\t<\/div>\n\t\t\t\t\t\t<\/div>\n\t\t\t\t<\/div>\n\t\t\t\t<\/div>\n\t\t\t\t<\/div>\n\t\t\t\t<div class=\"elementor-element elementor-element-31af106 elementor-widget elementor-widget-heading\" data-id=\"31af106\" data-element_type=\"widget\" data-widget_type=\"heading.default\">\n\t\t\t\t<div class=\"elementor-widget-container\">\n\t\t\t\t\t<h2 class=\"elementor-heading-title elementor-size-default\">CARACTER\u00cdSTICAS T\u00c9CNICAS\n<\/h2>\t\t\t\t<\/div>\n\t\t\t\t<\/div>\n\t\t<div class=\"elementor-element elementor-element-8e0390e e-con-full e-flex e-con e-child\" data-id=\"8e0390e\" data-element_type=\"container\">\n\t\t<div class=\"elementor-element elementor-element-7948807 e-con-full e-flex e-con e-child\" data-id=\"7948807\" data-element_type=\"container\">\n\t\t\t\t<div class=\"elementor-element elementor-element-230100e elementor-icon-list--layout-traditional elementor-list-item-link-full_width elementor-widget elementor-widget-icon-list\" data-id=\"230100e\" data-element_type=\"widget\" data-widget_type=\"icon-list.default\">\n\t\t\t\t<div class=\"elementor-widget-container\">\n\t\t\t\t\t\t\t<ul class=\"elementor-icon-list-items\">\n\t\t\t\t\t\t\t<li class=\"elementor-icon-list-item\">\n\t\t\t\t\t\t\t\t\t\t\t<span class=\"elementor-icon-list-icon\">\n\t\t\t\t\t\t\t<svg aria-hidden=\"true\" class=\"e-font-icon-svg e-fas-circle\" viewbox=\"0 0 512 512\" xmlns=\"http:\/\/www.w3.org\/2000\/svg\"><path d=\"M256 8C119 8 8 119 8 256s111 248 248 248 248-111 248-248S393 8 256 8z\"><\/path><\/svg>\t\t\t\t\t\t<\/span>\n\t\t\t\t\t\t\t\t\t\t<span class=\"elementor-icon-list-text\">Sistemas de corte por cuchilla y contracuchilla;<\/span>\n\t\t\t\t\t\t\t\t\t<\/li>\n\t\t\t\t\t\t\t\t<li class=\"elementor-icon-list-item\">\n\t\t\t\t\t\t\t\t\t\t\t<span class=\"elementor-icon-list-icon\">\n\t\t\t\t\t\t\t<svg aria-hidden=\"true\" class=\"e-font-icon-svg e-fas-circle\" viewbox=\"0 0 512 512\" xmlns=\"http:\/\/www.w3.org\/2000\/svg\"><path d=\"M256 8C119 8 8 119 8 256s111 248 248 248 248-111 248-248S393 8 256 8z\"><\/path><\/svg>\t\t\t\t\t\t<\/span>\n\t\t\t\t\t\t\t\t\t\t<span class=\"elementor-icon-list-text\">F\u00e1cil cambio de cuchillas y contracuchillas;<\/span>\n\t\t\t\t\t\t\t\t\t<\/li>\n\t\t\t\t\t\t\t\t<li class=\"elementor-icon-list-item\">\n\t\t\t\t\t\t\t\t\t\t\t<span class=\"elementor-icon-list-icon\">\n\t\t\t\t\t\t\t<svg aria-hidden=\"true\" class=\"e-font-icon-svg e-fas-circle\" viewbox=\"0 0 512 512\" xmlns=\"http:\/\/www.w3.org\/2000\/svg\"><path d=\"M256 8C119 8 8 119 8 256s111 248 248 248 248-111 248-248S393 8 256 8z\"><\/path><\/svg>\t\t\t\t\t\t<\/span>\n\t\t\t\t\t\t\t\t\t\t<span class=\"elementor-icon-list-text\">Cojinete exc\u00e9ntrico para ajustar las cuchillas;<\/span>\n\t\t\t\t\t\t\t\t\t<\/li>\n\t\t\t\t\t\t\t\t<li class=\"elementor-icon-list-item\">\n\t\t\t\t\t\t\t\t\t\t\t<span class=\"elementor-icon-list-icon\">\n\t\t\t\t\t\t\t<svg aria-hidden=\"true\" class=\"e-font-icon-svg e-fas-circle\" viewbox=\"0 0 512 512\" xmlns=\"http:\/\/www.w3.org\/2000\/svg\"><path d=\"M256 8C119 8 8 119 8 256s111 248 248 248 248-111 248-248S393 8 256 8z\"><\/path><\/svg>\t\t\t\t\t\t<\/span>\n\t\t\t\t\t\t\t\t\t\t<span class=\"elementor-icon-list-text\">Escape para quitar el embellecedor;<\/span>\n\t\t\t\t\t\t\t\t\t<\/li>\n\t\t\t\t\t\t\t\t<li class=\"elementor-icon-list-item\">\n\t\t\t\t\t\t\t\t\t\t\t<span class=\"elementor-icon-list-icon\">\n\t\t\t\t\t\t\t<svg aria-hidden=\"true\" class=\"e-font-icon-svg e-fas-circle\" viewbox=\"0 0 512 512\" xmlns=\"http:\/\/www.w3.org\/2000\/svg\"><path d=\"M256 8C119 8 8 119 8 256s111 248 248 248 248-111 248-248S393 8 256 8z\"><\/path><\/svg>\t\t\t\t\t\t<\/span>\n\t\t\t\t\t\t\t\t\t\t<span class=\"elementor-icon-list-text\">Rodillo rebobinador con accionamiento autom\u00e1tico;<\/span>\n\t\t\t\t\t\t\t\t\t<\/li>\n\t\t\t\t\t\t\t\t<li class=\"elementor-icon-list-item\">\n\t\t\t\t\t\t\t\t\t\t\t<span class=\"elementor-icon-list-icon\">\n\t\t\t\t\t\t\t<svg aria-hidden=\"true\" class=\"e-font-icon-svg e-fas-circle\" viewbox=\"0 0 512 512\" xmlns=\"http:\/\/www.w3.org\/2000\/svg\"><path d=\"M256 8C119 8 8 119 8 256s111 248 248 248 248-111 248-248S393 8 256 8z\"><\/path><\/svg>\t\t\t\t\t\t<\/span>\n\t\t\t\t\t\t\t\t\t\t<span class=\"elementor-icon-list-text\">Marcador autom\u00e1tico de fin de bobina con bol\u00edgrafos recargables, accionado por control electroneum\u00e1tico;<\/span>\n\t\t\t\t\t\t\t\t\t<\/li>\n\t\t\t\t\t\t\t\t<li class=\"elementor-icon-list-item\">\n\t\t\t\t\t\t\t\t\t\t\t<span class=\"elementor-icon-list-icon\">\n\t\t\t\t\t\t\t<svg aria-hidden=\"true\" class=\"e-font-icon-svg e-fas-circle\" viewbox=\"0 0 512 512\" xmlns=\"http:\/\/www.w3.org\/2000\/svg\"><path d=\"M256 8C119 8 8 119 8 256s111 248 248 248 248-111 248-248S393 8 256 8z\"><\/path><\/svg>\t\t\t\t\t\t<\/span>\n\t\t\t\t\t\t\t\t\t\t<span class=\"elementor-icon-list-text\">Panel de control de f\u00e1cil manejo;<\/span>\n\t\t\t\t\t\t\t\t\t<\/li>\n\t\t\t\t\t\t\t\t<li class=\"elementor-icon-list-item\">\n\t\t\t\t\t\t\t\t\t\t\t<span class=\"elementor-icon-list-icon\">\n\t\t\t\t\t\t\t<svg aria-hidden=\"true\" class=\"e-font-icon-svg e-fas-circle\" viewbox=\"0 0 512 512\" xmlns=\"http:\/\/www.w3.org\/2000\/svg\"><path d=\"M256 8C119 8 8 119 8 256s111 248 248 248 248-111 248-248S393 8 256 8z\"><\/path><\/svg>\t\t\t\t\t\t<\/span>\n\t\t\t\t\t\t\t\t\t\t<span class=\"elementor-icon-list-text\">Sistema para uso con o sin tubo;<\/span>\n\t\t\t\t\t\t\t\t\t<\/li>\n\t\t\t\t\t\t<\/ul>\n\t\t\t\t\t\t<\/div>\n\t\t\t\t<\/div>\n\t\t\t\t<\/div>\n\t\t<div class=\"elementor-element elementor-element-468d4a9 e-con-full e-flex e-con e-child\" data-id=\"468d4a9\" data-element_type=\"container\">\n\t\t\t\t<div class=\"elementor-element elementor-element-d1e855a elementor-widget elementor-widget-heading\" data-id=\"d1e855a\" data-element_type=\"widget\" data-widget_type=\"heading.default\">\n\t\t\t\t<div class=\"elementor-widget-container\">\n\t\t\t\t\t<h2 class=\"elementor-heading-title elementor-size-default\">OPCIONAL:<\/h2>\t\t\t\t<\/div>\n\t\t\t\t<\/div>\n\t\t\t\t<div class=\"elementor-element elementor-element-56b513b elementor-icon-list--layout-traditional elementor-list-item-link-full_width elementor-widget elementor-widget-icon-list\" data-id=\"56b513b\" data-element_type=\"widget\" data-widget_type=\"icon-list.default\">\n\t\t\t\t<div class=\"elementor-widget-container\">\n\t\t\t\t\t\t\t<ul class=\"elementor-icon-list-items\">\n\t\t\t\t\t\t\t<li class=\"elementor-icon-list-item\">\n\t\t\t\t\t\t\t\t\t\t\t<span class=\"elementor-icon-list-icon\">\n\t\t\t\t\t\t\t<svg aria-hidden=\"true\" class=\"e-font-icon-svg e-fas-circle\" viewbox=\"0 0 512 512\" xmlns=\"http:\/\/www.w3.org\/2000\/svg\"><path d=\"M256 8C119 8 8 119 8 256s111 248 248 248 248-111 248-248S393 8 256 8z\"><\/path><\/svg>\t\t\t\t\t\t<\/span>\n\t\t\t\t\t\t\t\t\t\t<span class=\"elementor-icon-list-text\">Dep\u00f3sito para el llenado autom\u00e1tico de los tubos de las ca\u00f1as de carrete;<\/span>\n\t\t\t\t\t\t\t\t\t<\/li>\n\t\t\t\t\t\t\t\t<li class=\"elementor-icon-list-item\">\n\t\t\t\t\t\t\t\t\t\t\t<span class=\"elementor-icon-list-icon\">\n\t\t\t\t\t\t\t<svg aria-hidden=\"true\" class=\"e-font-icon-svg e-fas-circle\" viewbox=\"0 0 512 512\" xmlns=\"http:\/\/www.w3.org\/2000\/svg\"><path d=\"M256 8C119 8 8 119 8 256s111 248 248 248 248-111 248-248S393 8 256 8z\"><\/path><\/svg>\t\t\t\t\t\t<\/span>\n\t\t\t\t\t\t\t\t\t\t<span class=\"elementor-icon-list-text\">Extractor para extraer bobinas cuando se fabrican sin n\u00facleo;<\/span>\n\t\t\t\t\t\t\t\t\t<\/li>\n\t\t\t\t\t\t\t\t<li class=\"elementor-icon-list-item\">\n\t\t\t\t\t\t\t\t\t\t\t<span class=\"elementor-icon-list-icon\">\n\t\t\t\t\t\t\t<svg aria-hidden=\"true\" class=\"e-font-icon-svg e-fas-circle\" viewbox=\"0 0 512 512\" xmlns=\"http:\/\/www.w3.org\/2000\/svg\"><path d=\"M256 8C119 8 8 119 8 256s111 248 248 248 248-111 248-248S393 8 256 8z\"><\/path><\/svg>\t\t\t\t\t\t<\/span>\n\t\t\t\t\t\t\t\t\t\t<span class=\"elementor-icon-list-text\">Transportador de salida con batidor y disco giratorio para acumular las bobinas terminadas;<\/span>\n\t\t\t\t\t\t\t\t\t<\/li>\n\t\t\t\t\t\t<\/ul>\n\t\t\t\t\t\t<\/div>\n\t\t\t\t<\/div>\n\t\t\t\t<\/div>\n\t\t\t\t<\/div>\n\t\t<div class=\"elementor-element elementor-element-fc4085a e-con-full e-flex e-con e-child\" data-id=\"fc4085a\" data-element_type=\"container\">\n\t\t<div class=\"elementor-element elementor-element-8885512 e-con-full e-flex e-con e-child\" data-id=\"8885512\" data-element_type=\"container\">\n\t\t\t\t<div class=\"elementor-element elementor-element-a096bda elementor-widget elementor-widget-heading\" data-id=\"a096bda\" data-element_type=\"widget\" data-widget_type=\"heading.default\">\n\t\t\t\t<div class=\"elementor-widget-container\">\n\t\t\t\t\t<h2 class=\"elementor-heading-title elementor-size-default\">DATOS T\u00c9CNICOS\n<\/h2>\t\t\t\t<\/div>\n\t\t\t\t<\/div>\n\t\t\t\t<div class=\"elementor-element elementor-element-c65afdd elementor-icon-list--layout-traditional elementor-list-item-link-full_width elementor-widget elementor-widget-icon-list\" data-id=\"c65afdd\" data-element_type=\"widget\" data-widget_type=\"icon-list.default\">\n\t\t\t\t<div class=\"elementor-widget-container\">\n\t\t\t\t\t\t\t<ul class=\"elementor-icon-list-items\">\n\t\t\t\t\t\t\t<li class=\"elementor-icon-list-item\">\n\t\t\t\t\t\t\t\t\t\t\t<span class=\"elementor-icon-list-icon\">\n\t\t\t\t\t\t\t<svg aria-hidden=\"true\" class=\"e-font-icon-svg e-fas-circle\" viewbox=\"0 0 512 512\" xmlns=\"http:\/\/www.w3.org\/2000\/svg\"><path d=\"M256 8C119 8 8 119 8 256s111 248 248 248 248-111 248-248S393 8 256 8z\"><\/path><\/svg>\t\t\t\t\t\t<\/span>\n\t\t\t\t\t\t\t\t\t\t<span class=\"elementor-icon-list-text\">Di\u00e1metro m\u00e1ximo de la bobina de papel: 1,00 m;<\/span>\n\t\t\t\t\t\t\t\t\t<\/li>\n\t\t\t\t\t\t\t\t<li class=\"elementor-icon-list-item\">\n\t\t\t\t\t\t\t\t\t\t\t<span class=\"elementor-icon-list-icon\">\n\t\t\t\t\t\t\t<svg aria-hidden=\"true\" class=\"e-font-icon-svg e-fas-circle\" viewbox=\"0 0 512 512\" xmlns=\"http:\/\/www.w3.org\/2000\/svg\"><path d=\"M256 8C119 8 8 119 8 256s111 248 248 248 248-111 248-248S393 8 256 8z\"><\/path><\/svg>\t\t\t\t\t\t<\/span>\n\t\t\t\t\t\t\t\t\t\t<span class=\"elementor-icon-list-text\">Anchura m\u00e1xima de la bobina de papel: 640 y 800 mm; otras anchuras bajo pedido;<\/span>\n\t\t\t\t\t\t\t\t\t<\/li>\n\t\t\t\t\t\t\t\t<li class=\"elementor-icon-list-item\">\n\t\t\t\t\t\t\t\t\t\t\t<span class=\"elementor-icon-list-icon\">\n\t\t\t\t\t\t\t<svg aria-hidden=\"true\" class=\"e-font-icon-svg e-fas-circle\" viewbox=\"0 0 512 512\" xmlns=\"http:\/\/www.w3.org\/2000\/svg\"><path d=\"M256 8C119 8 8 119 8 256s111 248 248 248 248-111 248-248S393 8 256 8z\"><\/path><\/svg>\t\t\t\t\t\t<\/span>\n\t\t\t\t\t\t\t\t\t\t<span class=\"elementor-icon-list-text\">Especificaciones el\u00e9ctricas: 3 x 220V o 380V + neutro 50\/60 Hz;<\/span>\n\t\t\t\t\t\t\t\t\t<\/li>\n\t\t\t\t\t\t\t\t<li class=\"elementor-icon-list-item\">\n\t\t\t\t\t\t\t\t\t\t\t<span class=\"elementor-icon-list-icon\">\n\t\t\t\t\t\t\t<svg aria-hidden=\"true\" class=\"e-font-icon-svg e-fas-circle\" viewbox=\"0 0 512 512\" xmlns=\"http:\/\/www.w3.org\/2000\/svg\"><path d=\"M256 8C119 8 8 119 8 256s111 248 248 248 248-111 248-248S393 8 256 8z\"><\/path><\/svg>\t\t\t\t\t\t<\/span>\n\t\t\t\t\t\t\t\t\t\t<span class=\"elementor-icon-list-text\">Control neum\u00e1tico: 70 PSI 5kgf\/cm\u00b2;<\/span>\n\t\t\t\t\t\t\t\t\t<\/li>\n\t\t\t\t\t\t<\/ul>\n\t\t\t\t\t\t<\/div>\n\t\t\t\t<\/div>\n\t\t\t\t<\/div>\n\t\t<div class=\"elementor-element elementor-element-55c4f26 e-con-full e-flex e-con e-child\" data-id=\"55c4f26\" data-element_type=\"container\">\n\t\t\t\t<div class=\"elementor-element elementor-element-e5d9744 elementor-widget elementor-widget-video\" data-id=\"e5d9744\" data-element_type=\"widget\" data-settings=\"{&quot;youtube_url&quot;:&quot;https:\\\/\\\/www.youtube.com\\\/watch?v=hqqYucBq0Zo&amp;ab_channel=PebeM%C3%A1quinaseEquipamentosLtda&quot;,&quot;video_type&quot;:&quot;youtube&quot;,&quot;controls&quot;:&quot;yes&quot;}\" data-widget_type=\"video.default\">\n\t\t\t\t<div class=\"elementor-widget-container\">\n\t\t\t\t\t\t\t<div class=\"elementor-wrapper elementor-open-inline\">\n\t\t\t<div class=\"elementor-video\"><\/div>\t\t<\/div>\n\t\t\t\t\t\t<\/div>\n\t\t\t\t<\/div>\n\t\t\t\t<\/div>\n\t\t\t\t<\/div>\n\t\t\t\t\t<\/div>\n\t\t\t\t<\/div>\n\t\t\t\t<\/div>","protected":false},"excerpt":{"rendered":"<p>REBINADORAS PDV REBINADORAS PDV - REBINADORAS T\u00c9RMICAS Modelos: CR - 640 CR - 800 La rebobinadora PDV es un equipo con tecnolog\u00eda avanzada que permite fabricar bobinas para cupones fiscales. Los rollos pueden ser fabricados en diferentes di\u00e1metros y anchos, garantizando versatilidad para atender diferentes necesidades de producci\u00f3n. Su funcionamiento [...]<\/p>","protected":false},"author":2,"featured_media":0,"parent":0,"menu_order":0,"comment_status":"closed","ping_status":"closed","template":"elementor_header_footer","meta":{"footnotes":""},"class_list":["post-1303","page","type-page","status-publish","hentry"],"yoast_head":"<!-- This site is optimized with the Yoast SEO Premium plugin v24.0 (Yoast SEO v24.0) - https:\/\/yoast.com\/wordpress\/plugins\/seo\/ -->\n<title>REBOBINADORA DE BOBINAS PDV CR - Paper Maquinas<\/title>\n<meta name=\"robots\" content=\"index, follow, max-snippet:-1, max-image-preview:large, max-video-preview:-1\" \/>\n<link rel=\"canonical\" href=\"https:\/\/papermaq.com.br\/es\/rebobinador-pdv-cr\/\" \/>\n<meta property=\"og:locale\" content=\"es_ES\" \/>\n<meta property=\"og:type\" content=\"article\" \/>\n<meta property=\"og:title\" content=\"REBOBINADORA DE BOBINAS PDV CR\" \/>\n<meta property=\"og:description\" content=\"REBOBINADORA DE BOBINAS PDV REBOBINADEIRA PDV \u2013 BOBINA T\u00c9RMICA Modelos: CR \u2013 640 CR \u2013 800 A Rebobinadora PDV \u00e9 um equipamento com tecnologia avan\u00e7ada que permite a fabrica\u00e7\u00e3o de bobinas para cupom fiscal. Os Rolos podem ser fabricados em diferentes di\u00e2metros e larguras, garantindo versatilidade para atender a diversas necessidades de produ\u00e7\u00e3o. Sua opera\u00e7\u00e3o [&hellip;]\" \/>\n<meta property=\"og:url\" content=\"https:\/\/papermaq.com.br\/es\/rebobinador-pdv-cr\/\" \/>\n<meta property=\"og:site_name\" content=\"Paper Maquinas\" \/>\n<meta property=\"article:modified_time\" content=\"2025-04-23T21:10:28+00:00\" \/>\n<meta name=\"twitter:card\" content=\"summary_large_image\" \/>\n<meta name=\"twitter:label1\" content=\"Tiempo de lectura\" \/>\n\t<meta name=\"twitter:data1\" content=\"2 minutos\" \/>\n<script type=\"application\/ld+json\" class=\"yoast-schema-graph\">{\"@context\":\"https:\/\/schema.org\",\"@graph\":[{\"@type\":\"WebPage\",\"@id\":\"https:\/\/papermaq.com.br\/rebobinadora-de-bobinas-pdv-cr\/\",\"url\":\"https:\/\/papermaq.com.br\/rebobinadora-de-bobinas-pdv-cr\/\",\"name\":\"REBOBINADORA DE BOBINAS PDV CR - Paper Maquinas\",\"isPartOf\":{\"@id\":\"https:\/\/papermaq.com.br\/pt_br\/#website\"},\"datePublished\":\"2025-04-10T03:39:07+00:00\",\"dateModified\":\"2025-04-23T21:10:28+00:00\",\"breadcrumb\":{\"@id\":\"https:\/\/papermaq.com.br\/rebobinadora-de-bobinas-pdv-cr\/#breadcrumb\"},\"inLanguage\":\"es\",\"potentialAction\":[{\"@type\":\"ReadAction\",\"target\":[\"https:\/\/papermaq.com.br\/rebobinadora-de-bobinas-pdv-cr\/\"]}]},{\"@type\":\"BreadcrumbList\",\"@id\":\"https:\/\/papermaq.com.br\/rebobinadora-de-bobinas-pdv-cr\/#breadcrumb\",\"itemListElement\":[{\"@type\":\"ListItem\",\"position\":1,\"name\":\"Home\",\"item\":\"https:\/\/papermaq.com.br\/\"},{\"@type\":\"ListItem\",\"position\":2,\"name\":\"REBOBINADORA DE BOBINAS PDV CR\"}]},{\"@type\":\"WebSite\",\"@id\":\"https:\/\/papermaq.com.br\/pt_br\/#website\",\"url\":\"https:\/\/papermaq.com.br\/pt_br\/\",\"name\":\"Paper Maquinas\",\"description\":\"\",\"potentialAction\":[{\"@type\":\"SearchAction\",\"target\":{\"@type\":\"EntryPoint\",\"urlTemplate\":\"https:\/\/papermaq.com.br\/pt_br\/?s={search_term_string}\"},\"query-input\":{\"@type\":\"PropertyValueSpecification\",\"valueRequired\":true,\"valueName\":\"search_term_string\"}}],\"inLanguage\":\"es\"}]}<\/script>\n<!-- \/ Yoast SEO Premium plugin. -->","yoast_head_json":{"title":"REBOBINADORA DE BOBINAS PDV CR - Paper Maquinas","robots":{"index":"index","follow":"follow","max-snippet":"max-snippet:-1","max-image-preview":"max-image-preview:large","max-video-preview":"max-video-preview:-1"},"canonical":"https:\/\/papermaq.com.br\/es\/rebobinador-pdv-cr\/","og_locale":"es_ES","og_type":"article","og_title":"REBOBINADORA DE BOBINAS PDV CR","og_description":"REBOBINADORA DE BOBINAS PDV REBOBINADEIRA PDV \u2013 BOBINA T\u00c9RMICA Modelos: CR \u2013 640 CR \u2013 800 A Rebobinadora PDV \u00e9 um equipamento com tecnologia avan\u00e7ada que permite a fabrica\u00e7\u00e3o de bobinas para cupom fiscal. Os Rolos podem ser fabricados em diferentes di\u00e2metros e larguras, garantindo versatilidade para atender a diversas necessidades de produ\u00e7\u00e3o. Sua opera\u00e7\u00e3o [&hellip;]","og_url":"https:\/\/papermaq.com.br\/es\/rebobinador-pdv-cr\/","og_site_name":"Paper Maquinas","article_modified_time":"2025-04-23T21:10:28+00:00","twitter_card":"summary_large_image","twitter_misc":{"Tiempo de lectura":"2 minutos"},"schema":{"@context":"https:\/\/schema.org","@graph":[{"@type":"WebPage","@id":"https:\/\/papermaq.com.br\/rebobinadora-de-bobinas-pdv-cr\/","url":"https:\/\/papermaq.com.br\/rebobinadora-de-bobinas-pdv-cr\/","name":"REBOBINADORA DE BOBINAS PDV CR - Paper Maquinas","isPartOf":{"@id":"https:\/\/papermaq.com.br\/pt_br\/#website"},"datePublished":"2025-04-10T03:39:07+00:00","dateModified":"2025-04-23T21:10:28+00:00","breadcrumb":{"@id":"https:\/\/papermaq.com.br\/rebobinadora-de-bobinas-pdv-cr\/#breadcrumb"},"inLanguage":"es","potentialAction":[{"@type":"ReadAction","target":["https:\/\/papermaq.com.br\/rebobinadora-de-bobinas-pdv-cr\/"]}]},{"@type":"BreadcrumbList","@id":"https:\/\/papermaq.com.br\/rebobinadora-de-bobinas-pdv-cr\/#breadcrumb","itemListElement":[{"@type":"ListItem","position":1,"name":"Home","item":"https:\/\/papermaq.com.br\/"},{"@type":"ListItem","position":2,"name":"REBOBINADORA DE BOBINAS PDV CR"}]},{"@type":"WebSite","@id":"https:\/\/papermaq.com.br\/pt_br\/#website","url":"https:\/\/papermaq.com.br\/pt_br\/","name":"Paper Maquinas","description":"","potentialAction":[{"@type":"SearchAction","target":{"@type":"EntryPoint","urlTemplate":"https:\/\/papermaq.com.br\/pt_br\/?s={search_term_string}"},"query-input":{"@type":"PropertyValueSpecification","valueRequired":true,"valueName":"search_term_string"}}],"inLanguage":"es"}]}},"_links":{"self":[{"href":"https:\/\/papermaq.com.br\/es\/wp-json\/wp\/v2\/pages\/1303","targetHints":{"allow":["GET"]}}],"collection":[{"href":"https:\/\/papermaq.com.br\/es\/wp-json\/wp\/v2\/pages"}],"about":[{"href":"https:\/\/papermaq.com.br\/es\/wp-json\/wp\/v2\/types\/page"}],"author":[{"embeddable":true,"href":"https:\/\/papermaq.com.br\/es\/wp-json\/wp\/v2\/users\/2"}],"replies":[{"embeddable":true,"href":"https:\/\/papermaq.com.br\/es\/wp-json\/wp\/v2\/comments?post=1303"}],"version-history":[{"count":0,"href":"https:\/\/papermaq.com.br\/es\/wp-json\/wp\/v2\/pages\/1303\/revisions"}],"wp:attachment":[{"href":"https:\/\/papermaq.com.br\/es\/wp-json\/wp\/v2\/media?parent=1303"}],"curies":[{"name":"wp","href":"https:\/\/api.w.org\/{rel}","templated":true}]}}